{"id":3417,"date":"2021-09-24T12:05:11","date_gmt":"2021-09-24T10:05:11","guid":{"rendered":"https:\/\/palle.ppweb.dk\/?post_type=product&#038;p=3417"},"modified":"2021-09-24T12:05:13","modified_gmt":"2021-09-24T10:05:13","slug":"stor-groen-loevgraeshoppe-tettigonia-viridissima","status":"publish","type":"product","link":"https:\/\/palle.ppweb.dk\/index.php\/product\/stor-groen-loevgraeshoppe-tettigonia-viridissima\/","title":{"rendered":"Stor gr\u00f8n l\u00f8vgr\u00e6shoppe\u00a0(Tettigonia viridissima)"},"content":{"rendered":"","protected":false},"excerpt":{"rendered":"","protected":false},"featured_media":3421,"template":"","meta":{"spay_email":""},"class_list":["post-3417","product","type-product","status-publish","has-post-thumbnail","hentry","product_cat-grashopper","product_cat-loevgraeshopper","product_tag-graeshoppe","pa_license-license_4kvideo","pa_license-license_smalljpeg","pa_license-license_vectorsmalljpeg","pa_license-license_extjpeg","pa_license-license_extvectorjpeg","pa_license-license_extvector","pa_license-license_extvideo","pa_license-license_fulljpeg","pa_license-license_vectorfullsizejpeg","pa_license-license_vector","pa_license-license_hdvideo"],"_links":{"self":[{"href":"https:\/\/palle.ppweb.dk\/index.php\/wp-json\/wp\/v2\/product\/3417","targetHints":{"allow":["GET"]}}],"collection":[{"href":"https:\/\/palle.ppweb.dk\/index.php\/wp-json\/wp\/v2\/product"}],"about":[{"href":"https:\/\/palle.ppweb.dk\/index.php\/wp-json\/wp\/v2\/types\/product"}],"wp:featuredmedia":[{"embeddable":true,"href":"https:\/\/palle.ppweb.dk\/index.php\/wp-json\/wp\/v2\/media\/3421"}],"wp:attachment":[{"href":"https:\/\/palle.ppweb.dk\/index.php\/wp-json\/wp\/v2\/media?parent=3417"}],"curies":[{"name":"wp","href":"https:\/\/api.w.org\/{rel}","templated":true}]}}