{"id":3597,"date":"2021-09-24T11:47:25","date_gmt":"2021-09-24T09:47:25","guid":{"rendered":"https:\/\/palle.ppweb.dk\/?post_type=product&#038;p=3597"},"modified":"2021-09-24T11:47:26","modified_gmt":"2021-09-24T09:47:26","slug":"groenaaret-kaalsommerfugl-pieris-napi","status":"publish","type":"product","link":"https:\/\/palle.ppweb.dk\/index.php\/product\/groenaaret-kaalsommerfugl-pieris-napi\/","title":{"rendered":"Gr\u00f8n\u00e5ret K\u00e5lsommerfugl (Pieris napi)"},"content":{"rendered":"","protected":false},"excerpt":{"rendered":"","protected":false},"featured_media":3601,"template":"","meta":{"spay_email":""},"class_list":["post-3597","product","type-product","status-publish","has-post-thumbnail","hentry","product_cat-hvidvinger","product_cat-sommerfugle","product_tag-sommerfugl","pa_license-license_4kvideo","pa_license-license_smalljpeg","pa_license-license_vectorsmalljpeg","pa_license-license_extjpeg","pa_license-license_extvectorjpeg","pa_license-license_extvector","pa_license-license_extvideo","pa_license-license_fulljpeg","pa_license-license_vectorfullsizejpeg","pa_license-license_vector","pa_license-license_hdvideo"],"_links":{"self":[{"href":"https:\/\/palle.ppweb.dk\/index.php\/wp-json\/wp\/v2\/product\/3597","targetHints":{"allow":["GET"]}}],"collection":[{"href":"https:\/\/palle.ppweb.dk\/index.php\/wp-json\/wp\/v2\/product"}],"about":[{"href":"https:\/\/palle.ppweb.dk\/index.php\/wp-json\/wp\/v2\/types\/product"}],"wp:featuredmedia":[{"embeddable":true,"href":"https:\/\/palle.ppweb.dk\/index.php\/wp-json\/wp\/v2\/media\/3601"}],"wp:attachment":[{"href":"https:\/\/palle.ppweb.dk\/index.php\/wp-json\/wp\/v2\/media?parent=3597"}],"curies":[{"name":"wp","href":"https:\/\/api.w.org\/{rel}","templated":true}]}}